{"id":10,"date":"2025-04-07T20:35:58","date_gmt":"2025-04-07T20:35:58","guid":{"rendered":"https:\/\/lamaisondemargo.com\/?page_id=10"},"modified":"2025-08-07T13:58:29","modified_gmt":"2025-08-07T13:58:29","slug":"notre-histoire","status":"publish","type":"page","link":"https:\/\/lamaisondemargo.com\/en\/notre-histoire\/","title":{"rendered":"Our story"},"content":{"rendered":"<div data-elementor-type=\"wp-page\" data-elementor-id=\"10\" class=\"elementor elementor-10\" data-elementor-post-type=\"page\">\n\t\t\t\t<div class=\"elementor-element elementor-element-e34a519 e-con-full e-flex e-con e-parent\" data-id=\"e34a519\" data-element_type=\"container\" data-e-type=\"container\">\n\t\t\t\t<div class=\"elementor-element elementor-element-3a032ad elementor-widget__width-inherit elementor-hidden-mobile elementor-widget elementor-widget-image\" data-id=\"3a032ad\" data-element_type=\"widget\" data-e-type=\"widget\" data-widget_type=\"image.default\">\n\t\t\t\t<div class=\"elementor-widget-container\">\n\t\t\t\t\t\t\t\t\t\t\t\t\t\t\t<img fetchpriority=\"high\" decoding=\"async\" width=\"1536\" height=\"936\" src=\"https:\/\/lamaisondemargo.com\/wp-content\/uploads\/2025\/06\/IMG_0712_modif-1536x936.jpg\" class=\"attachment-1536x1536 size-1536x1536 wp-image-619\" alt=\"\" srcset=\"https:\/\/lamaisondemargo.com\/wp-content\/uploads\/2025\/06\/IMG_0712_modif-1536x936.jpg 1536w, https:\/\/lamaisondemargo.com\/wp-content\/uploads\/2025\/06\/IMG_0712_modif-300x183.jpg 300w, https:\/\/lamaisondemargo.com\/wp-content\/uploads\/2025\/06\/IMG_0712_modif-1024x624.jpg 1024w, https:\/\/lamaisondemargo.com\/wp-content\/uploads\/2025\/06\/IMG_0712_modif-768x468.jpg 768w, https:\/\/lamaisondemargo.com\/wp-content\/uploads\/2025\/06\/IMG_0712_modif-2048x1248.jpg 2048w\" sizes=\"(max-width: 1536px) 100vw, 1536px\" \/>\t\t\t\t\t\t\t\t\t\t\t\t\t\t\t<\/div>\n\t\t\t\t<\/div>\n\t\t\t\t<div class=\"elementor-element elementor-element-bc6d23e elementor-widget__width-inherit elementor-hidden-desktop elementor-hidden-tablet elementor-widget elementor-widget-image\" data-id=\"bc6d23e\" data-element_type=\"widget\" data-e-type=\"widget\" data-widget_type=\"image.default\">\n\t\t\t\t<div class=\"elementor-widget-container\">\n\t\t\t\t\t\t\t\t\t\t\t\t\t\t\t<img decoding=\"async\" width=\"683\" height=\"1024\" src=\"https:\/\/lamaisondemargo.com\/wp-content\/uploads\/2025\/07\/IMG_0710-683x1024.jpg\" class=\"attachment-large size-large wp-image-729\" alt=\"Carole et Margo\" srcset=\"https:\/\/lamaisondemargo.com\/wp-content\/uploads\/2025\/07\/IMG_0710-683x1024.jpg 683w, https:\/\/lamaisondemargo.com\/wp-content\/uploads\/2025\/07\/IMG_0710-200x300.jpg 200w, https:\/\/lamaisondemargo.com\/wp-content\/uploads\/2025\/07\/IMG_0710-768x1152.jpg 768w, https:\/\/lamaisondemargo.com\/wp-content\/uploads\/2025\/07\/IMG_0710-1024x1536.jpg 1024w, https:\/\/lamaisondemargo.com\/wp-content\/uploads\/2025\/07\/IMG_0710-1365x2048.jpg 1365w, https:\/\/lamaisondemargo.com\/wp-content\/uploads\/2025\/07\/IMG_0710-scaled.jpg 1707w\" sizes=\"(max-width: 683px) 100vw, 683px\" \/>\t\t\t\t\t\t\t\t\t\t\t\t\t\t\t<\/div>\n\t\t\t\t<\/div>\n\t\t\t\t<\/div>\n\t\t<div class=\"elementor-element elementor-element-f7fa43a e-flex e-con-boxed e-con e-parent\" data-id=\"f7fa43a\" data-element_type=\"container\" data-e-type=\"container\">\n\t\t\t\t\t<div class=\"e-con-inner\">\n\t\t\t\t<div class=\"elementor-element elementor-element-890eec8 elementor-hidden-mobile elementor-widget elementor-widget-image\" data-id=\"890eec8\" data-element_type=\"widget\" data-e-type=\"widget\" data-widget_type=\"image.default\">\n\t\t\t\t<div class=\"elementor-widget-container\">\n\t\t\t\t\t\t\t\t\t\t\t\t\t\t\t<img decoding=\"async\" width=\"2048\" height=\"594\" src=\"https:\/\/lamaisondemargo.com\/wp-content\/uploads\/2025\/07\/LigneTempsEN.png\" class=\"attachment-2048x2048 size-2048x2048 wp-image-657\" alt=\"L&#039;histoire de la Maison de Margo\" srcset=\"https:\/\/lamaisondemargo.com\/wp-content\/uploads\/2025\/07\/LigneTempsEN.png 1197w, https:\/\/lamaisondemargo.com\/wp-content\/uploads\/2025\/07\/LigneTempsEN-300x100.png 300w, https:\/\/lamaisondemargo.com\/wp-content\/uploads\/2025\/07\/LigneTempsEN-1024x342.png 1024w, https:\/\/lamaisondemargo.com\/wp-content\/uploads\/2025\/07\/LigneTempsEN-768x257.png 768w, https:\/\/lamaisondemargo.com\/wp-content\/uploads\/2025\/07\/LigneTempsEN-18x6.png 18w\" sizes=\"(max-width: 2048px) 100vw, 2048px\" \/>\t\t\t\t\t\t\t\t\t\t\t\t\t\t\t<\/div>\n\t\t\t\t<\/div>\n\t\t\t\t<div class=\"elementor-element elementor-element-af21379 elementor-hidden-desktop elementor-hidden-tablet elementor-widget elementor-widget-image\" data-id=\"af21379\" data-element_type=\"widget\" data-e-type=\"widget\" data-widget_type=\"image.default\">\n\t\t\t\t<div class=\"elementor-widget-container\">\n\t\t\t\t\t\t\t\t\t\t\t\t\t\t\t<img loading=\"lazy\" decoding=\"async\" width=\"1310\" height=\"2048\" src=\"https:\/\/lamaisondemargo.com\/wp-content\/uploads\/2025\/07\/LigneTempsEN_mobile.png\" class=\"attachment-2048x2048 size-2048x2048 wp-image-731\" alt=\"Histoire de la maison de margo\" srcset=\"https:\/\/lamaisondemargo.com\/wp-content\/uploads\/2025\/07\/LigneTempsEN_mobile.png 500w, https:\/\/lamaisondemargo.com\/wp-content\/uploads\/2025\/07\/LigneTempsEN_mobile-192x300.png 192w, https:\/\/lamaisondemargo.com\/wp-content\/uploads\/2025\/07\/LigneTempsEN_mobile-8x12.png 8w\" sizes=\"(max-width: 1310px) 100vw, 1310px\" \/>\t\t\t\t\t\t\t\t\t\t\t\t\t\t\t<\/div>\n\t\t\t\t<\/div>\n\t\t\t\t\t<\/div>\n\t\t\t\t<\/div>\n\t\t<div class=\"elementor-element elementor-element-e31d072 e-grid e-con-full e-con e-parent\" data-id=\"e31d072\" data-element_type=\"container\" data-e-type=\"container\">\n\t\t\t\t<div class=\"elementor-element elementor-element-09b9fde elementor-widget__width-inherit elementor-widget-divider--view-line elementor-widget elementor-widget-divider\" data-id=\"09b9fde\" data-element_type=\"widget\" data-e-type=\"widget\" data-widget_type=\"divider.default\">\n\t\t\t\t<div class=\"elementor-widget-container\">\n\t\t\t\t\t\t\t<div class=\"elementor-divider\">\n\t\t\t<span class=\"elementor-divider-separator\">\n\t\t\t\t\t\t<\/span>\n\t\t<\/div>\n\t\t\t\t\t\t<\/div>\n\t\t\t\t<\/div>\n\t\t\t\t<\/div>\n\t\t<div class=\"elementor-element elementor-element-ab74ee0 e-flex e-con-boxed e-con e-parent\" data-id=\"ab74ee0\" data-element_type=\"container\" data-e-type=\"container\" data-settings=\"{&quot;background_background&quot;:&quot;classic&quot;}\">\n\t\t\t\t\t<div class=\"e-con-inner\">\n\t\t<div class=\"elementor-element elementor-element-0f5a81d e-con-full e-flex e-con e-child\" data-id=\"0f5a81d\" data-element_type=\"container\" data-e-type=\"container\">\n\t\t\t\t<div class=\"elementor-element elementor-element-fdb4d92 elementor-widget elementor-widget-heading\" data-id=\"fdb4d92\" data-element_type=\"widget\" data-e-type=\"widget\" data-widget_type=\"heading.default\">\n\t\t\t\t<div class=\"elementor-widget-container\">\n\t\t\t\t\t<h3 class=\"elementor-heading-title elementor-size-default\">And that\u2019s how La Maison de Margo came to life<\/h3>\t\t\t\t<\/div>\n\t\t\t\t<\/div>\n\t\t\t\t<div class=\"elementor-element elementor-element-8a19058 elementor-widget elementor-widget-heading\" data-id=\"8a19058\" data-element_type=\"widget\" data-e-type=\"widget\" data-widget_type=\"heading.default\">\n\t\t\t\t<div class=\"elementor-widget-container\">\n\t\t\t\t\t<h2 class=\"elementor-heading-title elementor-size-default\">The house has stood the test of time, weaving family memories into its walls over the years. Its charm and beauty inspire Carole and Jean-Fran\u00e7ois to open a boutique within it, hoping to share the unique experience this place tells so well.<\/h2>\t\t\t\t<\/div>\n\t\t\t\t<\/div>\n\t\t\t\t<\/div>\n\t\t<div class=\"elementor-element elementor-element-61578a4 e-con-full elementor-hidden-mobile e-flex e-con e-child\" data-id=\"61578a4\" data-element_type=\"container\" data-e-type=\"container\">\n\t\t\t\t<div class=\"elementor-element elementor-element-1069978 elementor-widget elementor-widget-gallery\" data-id=\"1069978\" data-element_type=\"widget\" data-e-type=\"widget\" data-settings=\"{&quot;columns&quot;:3,&quot;aspect_ratio&quot;:&quot;9:16&quot;,&quot;columns_tablet&quot;:3,&quot;lazyload&quot;:&quot;yes&quot;,&quot;gallery_layout&quot;:&quot;grid&quot;,&quot;columns_mobile&quot;:1,&quot;gap&quot;:{&quot;unit&quot;:&quot;px&quot;,&quot;size&quot;:10,&quot;sizes&quot;:[]},&quot;gap_tablet&quot;:{&quot;unit&quot;:&quot;px&quot;,&quot;size&quot;:10,&quot;sizes&quot;:[]},&quot;gap_mobile&quot;:{&quot;unit&quot;:&quot;px&quot;,&quot;size&quot;:10,&quot;sizes&quot;:[]},&quot;link_to&quot;:&quot;file&quot;,&quot;overlay_background&quot;:&quot;yes&quot;,&quot;content_hover_animation&quot;:&quot;fade-in&quot;}\" data-widget_type=\"gallery.default\">\n\t\t\t\t<div class=\"elementor-widget-container\">\n\t\t\t\t\t\t\t<div class=\"elementor-gallery__container\">\n\t\t\t\t\t\t\t<a class=\"e-gallery-item elementor-gallery-item elementor-animated-content\" href=\"https:\/\/lamaisondemargo.com\/wp-content\/uploads\/2025\/06\/IMG_5124-1-scaled.jpg\" data-elementor-open-lightbox=\"yes\" data-elementor-lightbox-slideshow=\"1069978\" data-elementor-lightbox-description=\"La Maison de Margo\" data-e-action-hash=\"#elementor-action%3Aaction%3Dlightbox%26settings%3DeyJpZCI6NDE1LCJ1cmwiOiJodHRwczpcL1wvbGFtYWlzb25kZW1hcmdvLmNvbVwvd3AtY29udGVudFwvdXBsb2Fkc1wvMjAyNVwvMDZcL0lNR181MTI0LTEtc2NhbGVkLmpwZyIsInNsaWRlc2hvdyI6IjEwNjk5NzgifQ%3D%3D\">\n\t\t\t\t\t<div class=\"e-gallery-image elementor-gallery-item__image\" data-thumbnail=\"https:\/\/lamaisondemargo.com\/wp-content\/uploads\/2025\/06\/IMG_5124-1-683x1024.jpg\" data-width=\"683\" data-height=\"1024\" aria-label=\"La Maison de Margo\" role=\"img\" ><\/div>\n\t\t\t\t\t\t\t\t\t\t\t<div class=\"elementor-gallery-item__overlay\"><\/div>\n\t\t\t\t\t\t\t\t\t\t\t\t\t\t<\/a>\n\t\t\t\t\t\t\t<a class=\"e-gallery-item elementor-gallery-item elementor-animated-content\" href=\"https:\/\/lamaisondemargo.com\/wp-content\/uploads\/2025\/06\/IMG_5222-scaled.jpg\" data-elementor-open-lightbox=\"yes\" data-elementor-lightbox-slideshow=\"1069978\" data-elementor-lightbox-description=\"Les propri\u00e9taires de La Maison de Margo\" data-e-action-hash=\"#elementor-action%3Aaction%3Dlightbox%26settings%3DeyJpZCI6NDE2LCJ1cmwiOiJodHRwczpcL1wvbGFtYWlzb25kZW1hcmdvLmNvbVwvd3AtY29udGVudFwvdXBsb2Fkc1wvMjAyNVwvMDZcL0lNR181MjIyLXNjYWxlZC5qcGciLCJzbGlkZXNob3ciOiIxMDY5OTc4In0%3D\">\n\t\t\t\t\t<div class=\"e-gallery-image elementor-gallery-item__image\" data-thumbnail=\"https:\/\/lamaisondemargo.com\/wp-content\/uploads\/2025\/06\/IMG_5222-1024x683.jpg\" data-width=\"800\" data-height=\"534\" aria-label=\"Owners of La Maison de Margo\" role=\"img\" ><\/div>\n\t\t\t\t\t\t\t\t\t\t\t<div class=\"elementor-gallery-item__overlay\"><\/div>\n\t\t\t\t\t\t\t\t\t\t\t\t\t\t<\/a>\n\t\t\t\t\t\t\t<a class=\"e-gallery-item elementor-gallery-item elementor-animated-content\" href=\"https:\/\/lamaisondemargo.com\/wp-content\/uploads\/2025\/06\/IMG_5272-scaled.jpg\" data-elementor-open-lightbox=\"yes\" data-elementor-lightbox-slideshow=\"1069978\" data-elementor-lightbox-description=\"Boutique art de vivre\" data-e-action-hash=\"#elementor-action%3Aaction%3Dlightbox%26settings%3DeyJpZCI6NDE3LCJ1cmwiOiJodHRwczpcL1wvbGFtYWlzb25kZW1hcmdvLmNvbVwvd3AtY29udGVudFwvdXBsb2Fkc1wvMjAyNVwvMDZcL0lNR181MjcyLXNjYWxlZC5qcGciLCJzbGlkZXNob3ciOiIxMDY5OTc4In0%3D\">\n\t\t\t\t\t<div class=\"e-gallery-image elementor-gallery-item__image\" data-thumbnail=\"https:\/\/lamaisondemargo.com\/wp-content\/uploads\/2025\/06\/IMG_5272-683x1024.jpg\" data-width=\"683\" data-height=\"1024\" aria-label=\"Lifestyle boutique\" role=\"img\" ><\/div>\n\t\t\t\t\t\t\t\t\t\t\t<div class=\"elementor-gallery-item__overlay\"><\/div>\n\t\t\t\t\t\t\t\t\t\t\t\t\t\t<\/a>\n\t\t\t\t\t<\/div>\n\t\t\t\t\t<\/div>\n\t\t\t\t<\/div>\n\t\t\t\t<\/div>\n\t\t<div class=\"elementor-element elementor-element-3e3e9a8 e-con-full e-grid elementor-hidden-mobile e-con e-child\" data-id=\"3e3e9a8\" data-element_type=\"container\" data-e-type=\"container\">\n\t\t\t\t<div class=\"elementor-element elementor-element-5077f95 elementor-widget elementor-widget-heading\" data-id=\"5077f95\" data-element_type=\"widget\" data-e-type=\"widget\" data-widget_type=\"heading.default\">\n\t\t\t\t<div class=\"elementor-widget-container\">\n\t\t\t\t\t<h2 class=\"elementor-heading-title elementor-size-default\">The story behind the name<\/h2>\t\t\t\t<\/div>\n\t\t\t\t<\/div>\n\t\t\t\t<div class=\"elementor-element elementor-element-939d6ad elementor-widget elementor-widget-heading\" data-id=\"939d6ad\" data-element_type=\"widget\" data-e-type=\"widget\" data-widget_type=\"heading.default\">\n\t\t\t\t<div class=\"elementor-widget-container\">\n\t\t\t\t\t<h2 class=\"elementor-heading-title elementor-size-default\">Loving bond<\/h2>\t\t\t\t<\/div>\n\t\t\t\t<\/div>\n\t\t\t\t<div class=\"elementor-element elementor-element-0d1e1a1 elementor-widget elementor-widget-heading\" data-id=\"0d1e1a1\" data-element_type=\"widget\" data-e-type=\"widget\" data-widget_type=\"heading.default\">\n\t\t\t\t<div class=\"elementor-widget-container\">\n\t\t\t\t\t<h2 class=\"elementor-heading-title elementor-size-default\">Experience<\/h2>\t\t\t\t<\/div>\n\t\t\t\t<\/div>\n\t\t\t\t<div class=\"elementor-element elementor-element-707a72c elementor-widget elementor-widget-heading\" data-id=\"707a72c\" data-element_type=\"widget\" data-e-type=\"widget\" data-widget_type=\"heading.default\">\n\t\t\t\t<div class=\"elementor-widget-container\">\n\t\t\t\t\t<h2 class=\"elementor-heading-title elementor-size-default\">It was Carole\u2019s love for her mother, Marguerite, that inspired the name of the boutique.\nBy celebrating beauty as a true art of living, it felt only natural for the project to be named La Maison de Margo \u2014 a heartfelt tribute to Marguerite\u2019s beloved nickname.<\/h2>\t\t\t\t<\/div>\n\t\t\t\t<\/div>\n\t\t\t\t<div class=\"elementor-element elementor-element-d529b57 elementor-widget elementor-widget-heading\" data-id=\"d529b57\" data-element_type=\"widget\" data-e-type=\"widget\" data-widget_type=\"heading.default\">\n\t\t\t\t<div class=\"elementor-widget-container\">\n\t\t\t\t\t<h2 class=\"elementor-heading-title elementor-size-default\">Driven by a shared entrepreneurial spirit, Carole and Jean-Fran\u00e7ois chose to join forces and open a boutique together.\nBut more than just a store, La Maison de Margo became a place of well-being \u2014 a haven of beauty and a celebration of the art of living.<\/h2>\t\t\t\t<\/div>\n\t\t\t\t<\/div>\n\t\t\t\t<div class=\"elementor-element elementor-element-ca57f25 elementor-widget elementor-widget-heading\" data-id=\"ca57f25\" data-element_type=\"widget\" data-e-type=\"widget\" data-widget_type=\"heading.default\">\n\t\t\t\t<div class=\"elementor-widget-container\">\n\t\t\t\t\t<h2 class=\"elementor-heading-title elementor-size-default\">With complementary backgrounds in entrepreneurship, marketing, and design, their collaboration felt like a natural fit. Each brings a unique touch, helping the business shine with balance and sensitivity.<\/h2>\t\t\t\t<\/div>\n\t\t\t\t<\/div>\n\t\t\t\t<\/div>\n\t\t\t\t\t<\/div>\n\t\t\t\t<\/div>\n\t\t<div class=\"elementor-element elementor-element-4b63308 elementor-hidden-desktop elementor-hidden-tablet e-flex e-con-boxed e-con e-parent\" data-id=\"4b63308\" data-element_type=\"container\" data-e-type=\"container\">\n\t\t\t\t\t<div class=\"e-con-inner\">\n\t\t\t\t<div class=\"elementor-element elementor-element-6e1e4ea elementor-widget elementor-widget-image\" data-id=\"6e1e4ea\" data-element_type=\"widget\" data-e-type=\"widget\" data-widget_type=\"image.default\">\n\t\t\t\t<div class=\"elementor-widget-container\">\n\t\t\t\t\t\t\t\t\t\t\t\t\t\t\t<img loading=\"lazy\" decoding=\"async\" width=\"800\" height=\"800\" src=\"https:\/\/lamaisondemargo.com\/wp-content\/uploads\/2025\/07\/IMG_5124_carre-1024x1024.jpg\" class=\"attachment-large size-large wp-image-732\" alt=\"contact boutique\" srcset=\"https:\/\/lamaisondemargo.com\/wp-content\/uploads\/2025\/07\/IMG_5124_carre-1024x1024.jpg 1024w, https:\/\/lamaisondemargo.com\/wp-content\/uploads\/2025\/07\/IMG_5124_carre-300x300.jpg 300w, https:\/\/lamaisondemargo.com\/wp-content\/uploads\/2025\/07\/IMG_5124_carre-150x150.jpg 150w, https:\/\/lamaisondemargo.com\/wp-content\/uploads\/2025\/07\/IMG_5124_carre-768x768.jpg 768w, https:\/\/lamaisondemargo.com\/wp-content\/uploads\/2025\/07\/IMG_5124_carre-1536x1536.jpg 1536w, https:\/\/lamaisondemargo.com\/wp-content\/uploads\/2025\/07\/IMG_5124_carre-2048x2048.jpg 2048w\" sizes=\"(max-width: 800px) 100vw, 800px\" \/>\t\t\t\t\t\t\t\t\t\t\t\t\t\t\t<\/div>\n\t\t\t\t<\/div>\n\t\t\t\t<div class=\"elementor-element elementor-element-94aff74 elementor-widget elementor-widget-heading\" data-id=\"94aff74\" data-element_type=\"widget\" data-e-type=\"widget\" data-widget_type=\"heading.default\">\n\t\t\t\t<div class=\"elementor-widget-container\">\n\t\t\t\t\t<h2 class=\"elementor-heading-title elementor-size-default\">The story behind the name<\/h2>\t\t\t\t<\/div>\n\t\t\t\t<\/div>\n\t\t\t\t<div class=\"elementor-element elementor-element-bf05403 elementor-widget elementor-widget-heading\" data-id=\"bf05403\" data-element_type=\"widget\" data-e-type=\"widget\" data-widget_type=\"heading.default\">\n\t\t\t\t<div class=\"elementor-widget-container\">\n\t\t\t\t\t<h2 class=\"elementor-heading-title elementor-size-default\">It was Carole\u2019s love for her mother, Marguerite, that inspired the name of the boutique.\nBy celebrating beauty as a true art of living, it felt only natural for the project to be named La Maison de Margo \u2014 a heartfelt tribute to Marguerite\u2019s beloved nickname.<\/h2>\t\t\t\t<\/div>\n\t\t\t\t<\/div>\n\t\t\t\t<div class=\"elementor-element elementor-element-5fad4ae elementor-widget elementor-widget-image\" data-id=\"5fad4ae\" data-element_type=\"widget\" data-e-type=\"widget\" data-widget_type=\"image.default\">\n\t\t\t\t<div class=\"elementor-widget-container\">\n\t\t\t\t\t\t\t\t\t\t\t\t\t\t\t<img loading=\"lazy\" decoding=\"async\" width=\"800\" height=\"800\" src=\"https:\/\/lamaisondemargo.com\/wp-content\/uploads\/2025\/07\/IMG_5214_carre-1024x1024.jpg\" class=\"attachment-large size-large wp-image-733\" alt=\"Propri\u00e9taires Maison de Margo\" srcset=\"https:\/\/lamaisondemargo.com\/wp-content\/uploads\/2025\/07\/IMG_5214_carre-1024x1024.jpg 1024w, https:\/\/lamaisondemargo.com\/wp-content\/uploads\/2025\/07\/IMG_5214_carre-300x300.jpg 300w, https:\/\/lamaisondemargo.com\/wp-content\/uploads\/2025\/07\/IMG_5214_carre-150x150.jpg 150w, https:\/\/lamaisondemargo.com\/wp-content\/uploads\/2025\/07\/IMG_5214_carre-768x768.jpg 768w, https:\/\/lamaisondemargo.com\/wp-content\/uploads\/2025\/07\/IMG_5214_carre-1536x1536.jpg 1536w, https:\/\/lamaisondemargo.com\/wp-content\/uploads\/2025\/07\/IMG_5214_carre-2048x2048.jpg 2048w\" sizes=\"(max-width: 800px) 100vw, 800px\" \/>\t\t\t\t\t\t\t\t\t\t\t\t\t\t\t<\/div>\n\t\t\t\t<\/div>\n\t\t\t\t<div class=\"elementor-element elementor-element-5a5bb1d elementor-widget elementor-widget-heading\" data-id=\"5a5bb1d\" data-element_type=\"widget\" data-e-type=\"widget\" data-widget_type=\"heading.default\">\n\t\t\t\t<div class=\"elementor-widget-container\">\n\t\t\t\t\t<h2 class=\"elementor-heading-title elementor-size-default\">Loving bond<\/h2>\t\t\t\t<\/div>\n\t\t\t\t<\/div>\n\t\t\t\t<div class=\"elementor-element elementor-element-7055f42 elementor-widget elementor-widget-heading\" data-id=\"7055f42\" data-element_type=\"widget\" data-e-type=\"widget\" data-widget_type=\"heading.default\">\n\t\t\t\t<div class=\"elementor-widget-container\">\n\t\t\t\t\t<h2 class=\"elementor-heading-title elementor-size-default\">Driven by a shared entrepreneurial spirit, Carole and Jean-Fran\u00e7ois chose to join forces and open a boutique together.\nBut more than just a store, La Maison de Margo became a place of well-being \u2014 a haven of beauty and a celebration of the art of living.<\/h2>\t\t\t\t<\/div>\n\t\t\t\t<\/div>\n\t\t\t\t<div class=\"elementor-element elementor-element-5b7e20c elementor-widget elementor-widget-image\" data-id=\"5b7e20c\" data-element_type=\"widget\" data-e-type=\"widget\" data-widget_type=\"image.default\">\n\t\t\t\t<div class=\"elementor-widget-container\">\n\t\t\t\t\t\t\t\t\t\t\t\t\t\t\t<img loading=\"lazy\" decoding=\"async\" width=\"800\" height=\"800\" src=\"https:\/\/lamaisondemargo.com\/wp-content\/uploads\/2025\/07\/IMG_5272_carre-1024x1024.jpg\" class=\"attachment-large size-large wp-image-734\" alt=\"Consultation stylisme ambiance\" srcset=\"https:\/\/lamaisondemargo.com\/wp-content\/uploads\/2025\/07\/IMG_5272_carre-1024x1024.jpg 1024w, https:\/\/lamaisondemargo.com\/wp-content\/uploads\/2025\/07\/IMG_5272_carre-300x300.jpg 300w, https:\/\/lamaisondemargo.com\/wp-content\/uploads\/2025\/07\/IMG_5272_carre-150x150.jpg 150w, https:\/\/lamaisondemargo.com\/wp-content\/uploads\/2025\/07\/IMG_5272_carre-768x768.jpg 768w, https:\/\/lamaisondemargo.com\/wp-content\/uploads\/2025\/07\/IMG_5272_carre-1536x1536.jpg 1536w, https:\/\/lamaisondemargo.com\/wp-content\/uploads\/2025\/07\/IMG_5272_carre-2048x2048.jpg 2048w\" sizes=\"(max-width: 800px) 100vw, 800px\" \/>\t\t\t\t\t\t\t\t\t\t\t\t\t\t\t<\/div>\n\t\t\t\t<\/div>\n\t\t\t\t<div class=\"elementor-element elementor-element-f5cb5fa elementor-widget elementor-widget-heading\" data-id=\"f5cb5fa\" data-element_type=\"widget\" data-e-type=\"widget\" data-widget_type=\"heading.default\">\n\t\t\t\t<div class=\"elementor-widget-container\">\n\t\t\t\t\t<h2 class=\"elementor-heading-title elementor-size-default\">THE EXPERIENCE<\/h2>\t\t\t\t<\/div>\n\t\t\t\t<\/div>\n\t\t\t\t<div class=\"elementor-element elementor-element-2a68861 elementor-widget elementor-widget-heading\" data-id=\"2a68861\" data-element_type=\"widget\" data-e-type=\"widget\" data-widget_type=\"heading.default\">\n\t\t\t\t<div class=\"elementor-widget-container\">\n\t\t\t\t\t<h2 class=\"elementor-heading-title elementor-size-default\">With complementary backgrounds in entrepreneurship, marketing, and design, their collaboration felt like a natural fit. Each brings a unique touch, helping the business shine with balance and sensitivity.<\/h2>\t\t\t\t<\/div>\n\t\t\t\t<\/div>\n\t\t\t\t\t<\/div>\n\t\t\t\t<\/div>\n\t\t\t\t<\/div>","protected":false},"excerpt":{"rendered":"<p>C\u2019est ainsi que La Maison de Margo voit le jour La maison traverse les \u00e9poques, tissant au fil du temps des souvenirs de famille entre ses murs. Son cachet et sa beaut\u00e9 inspirent Carole et Jean-Fran\u00e7ois \u00e0 y ouvrir une boutique, dans l\u2019espoir de faire vivre l\u2019exp\u00e9rience unique que ce lieu raconte si bien. L&rsquo;origine [&hellip;]<\/p>\n","protected":false},"author":1,"featured_media":0,"parent":0,"menu_order":0,"comment_status":"closed","ping_status":"closed","template":"","meta":{"_coblocks_attr":"","_coblocks_dimensions":"","_coblocks_responsive_height":"","_coblocks_accordion_ie_support":"","footnotes":""},"class_list":["post-10","page","type-page","status-publish","hentry"],"_links":{"self":[{"href":"https:\/\/lamaisondemargo.com\/en\/wp-json\/wp\/v2\/pages\/10","targetHints":{"allow":["GET"]}}],"collection":[{"href":"https:\/\/lamaisondemargo.com\/en\/wp-json\/wp\/v2\/pages"}],"about":[{"href":"https:\/\/lamaisondemargo.com\/en\/wp-json\/wp\/v2\/types\/page"}],"author":[{"embeddable":true,"href":"https:\/\/lamaisondemargo.com\/en\/wp-json\/wp\/v2\/users\/1"}],"replies":[{"embeddable":true,"href":"https:\/\/lamaisondemargo.com\/en\/wp-json\/wp\/v2\/comments?post=10"}],"version-history":[{"count":136,"href":"https:\/\/lamaisondemargo.com\/en\/wp-json\/wp\/v2\/pages\/10\/revisions"}],"predecessor-version":[{"id":1037,"href":"https:\/\/lamaisondemargo.com\/en\/wp-json\/wp\/v2\/pages\/10\/revisions\/1037"}],"wp:attachment":[{"href":"https:\/\/lamaisondemargo.com\/en\/wp-json\/wp\/v2\/media?parent=10"}],"curies":[{"name":"wp","href":"https:\/\/api.w.org\/{rel}","templated":true}]}}